{"id":147503,"date":"2023-02-07T15:44:57","date_gmt":"2023-02-07T15:44:57","guid":{"rendered":""},"modified":"2025-04-23T16:04:58","modified_gmt":"2025-04-23T14:04:58","slug":"prod_5010994109783_sc84841","status":"publish","type":"product","link":"http:\/\/toystoys.md\/ru\/shop\/prod_5010994109783_sc84841\/","title":{"rendered":"\u0418\u0433\u0440\u043e\u0432\u043e\u0439 \u043d\u0430\u0431\u043e\u0440 Mini World Magic My Little Pony \u0432 \u0430\u0441\u0441\u043e\u0440\u0442\u0438\u043c\u0435\u043d\u0442\u0435 HASBRO"},"content":{"rendered":"<p>\u041f\u043e\u0437\u043d\u0430\u0439\u0442\u0435 \u043b\u0443\u0447\u0448\u0443\u044e \u0441\u0442\u043e\u0440\u043e\u043d\u0443 \u0434\u0440\u0443\u0436\u0431\u044b \u0441 \u043a\u043e\u043b\u043b\u0435\u043a\u0446\u0438\u0435\u0439 \u0438\u0433\u0440\u0443\u0448\u0435\u043a My Little Pony! \u041f\u043e\u0441\u0442\u0440\u043e\u0439\u0442\u0435 \u0432\u043e\u043b\u0448\u0435\u0431\u043d\u044b\u0439 \u043c\u0438\u0440 \u042d\u043a\u0432\u0435\u0441\u0442\u0440\u0438\u0438 \u0441 \u043c\u0438\u043d\u0438-\u0434\u0440\u0443\u0437\u044c\u044f\u043c\u0438 \u041c\u043e\u0439 \u043c\u0430\u043b\u0435\u043d\u044c\u043a\u0438\u0439 \u043f\u043e\u043d\u0438! \u041d\u0430\u0431\u043e\u0440\u044b My Little Pony Mini World Magic \u0441\u043e\u0441\u0442\u043e\u044f\u0442 \u0438\u0437 \u043a\u0440\u043e\u0448\u0435\u0447\u043d\u044b\u0445 \u0441\u0446\u0435\u043d \u0438 \u043e\u0447\u0430\u0440\u043e\u0432\u0430\u0442\u0435\u043b\u044c\u043d\u044b\u0445 \u043f\u0435\u0440\u0441\u043e\u043d\u0430\u0436\u0435\u0439, \u0432\u0434\u043e\u0445\u043d\u043e\u0432\u043b\u0435\u043d\u043d\u044b\u0445 \u043c\u043d\u043e\u0433\u043e\u0441\u0435\u0440\u0438\u0439\u043d\u044b\u043c \u043c\u0443\u043b\u044c\u0442\u0441\u0435\u0440\u0438\u0430\u043b\u043e\u043c My Little Pony: Tell Your Tale. \u0412 \u043a\u0430\u0436\u0434\u044b\u0439 \u043d\u0430\u0431\u043e\u0440 Compact Creation \u0432\u0445\u043e\u0434\u044f\u0442 2 \u043e\u0447\u0430\u0440\u043e\u0432\u0430\u0442\u0435\u043b\u044c\u043d\u044b\u0435 \u0438\u0433\u0440\u043e\u0432\u044b\u0435 \u0444\u0438\u0433\u0443\u0440\u043a\u0438 \u0432\u044b\u0441\u043e\u0442\u043e\u0439 2,5 \u0441\u043c \u0438 \u0431\u043e\u043b\u0435\u0435 \u0447\u0435\u043c 40 \u0430\u043a\u0441\u0435\u0441\u0441\u0443\u0430\u0440\u043e\u0432. \u041a\u043e\u043c\u0431\u0438\u043d\u0438\u0440\u0443\u0439\u0442\u0435 \u0430\u043a\u0441\u0435\u0441\u0441\u0443\u0430\u0440\u044b \u0438\u0433\u0440\u043e\u0432\u043e\u0433\u043e \u043d\u0430\u0431\u043e\u0440\u0430 \u0438 \u0434\u0435\u0442\u0430\u043b\u0438 \u0434\u043b\u044f \u0441\u0442\u0440\u043e\u0438\u0442\u0435\u043b\u044c\u0441\u0442\u0432\u0430 \u0441\u0446\u0435\u043d \u0438 \u0441\u043e\u0437\u0434\u0430\u043d\u0438\u044f \u043c\u0438\u043d\u0438\u0430\u0442\u044e\u0440\u043d\u043e\u0433\u043e \u043c\u0438\u0440\u0430 My Little Pony. \u0426\u0432\u0435\u0442 \u043d\u0435\u043a\u043e\u0442\u043e\u0440\u044b\u0445 \u0430\u043a\u0441\u0435\u0441\u0441\u0443\u0430\u0440\u043e\u0432 \u043c\u0435\u043d\u044f\u0435\u0442\u0441\u044f, \u0435\u0441\u043b\u0438 \u0438\u0441\u043f\u043e\u043b\u044c\u0437\u043e\u0432\u0430\u0442\u044c \u0432\u043e\u0434\u0443! \u0412\u0441\u0435 \u043d\u0430\u0431\u043e\u0440\u044b \u043f\u043e\u0441\u0442\u0430\u0432\u043b\u044f\u044e\u0442\u0441\u044f \u0432 \u043a\u043e\u043c\u043f\u0430\u043a\u0442\u043d\u043e\u043c \u0447\u0435\u043c\u043e\u0434\u0430\u043d\u0447\u0438\u043a\u0435, \u0442\u0430\u043a \u0447\u0442\u043e \u0434\u0435\u0442\u0438 \u043c\u043e\u0433\u0443\u0442 \u0431\u0440\u0430\u0442\u044c \u0438\u0445 \u0441 \u0441\u043e\u0431\u043e\u0439, \u043a\u0443\u0434\u0430 \u0431\u044b \u043e\u043d\u0438 \u043d\u0438 \u043e\u0442\u043f\u0440\u0430\u0432\u0438\u043b\u0438\u0441\u044c.<\/p>\n<p>\u0412\u043e\u0437\u0440\u0430\u0441\u0442: \u043e\u0442 5 \u043b\u0435\u0442.<br \/>\n\u041f\u0440\u043e\u0438\u0437\u0432\u043e\u0434\u0438\u0442\u0435\u043b\u044c: Hasbro.<\/p>","protected":false},"excerpt":{"rendered":"<p>Experimenteaz\u0103 cea mai bun\u0103 latur\u0103 a prieteniei cu colec\u021bia de juc\u0103rii My Little Pony! Construie\u0219te lumea magic\u0103 Equestria cu My<\/p>","protected":false},"featured_media":176102,"comment_status":"closed","ping_status":"closed","template":"..\/public\/views\/revslider-page-template.php","meta":{"_monsterinsights_skip_tracking":false,"_monsterinsights_sitenote_active":false,"_monsterinsights_sitenote_note":"","_monsterinsights_sitenote_category":0},"product_brand":[],"product_cat":[1039,1137,1076,1615,35,1639,55],"product_tag":[],"class_list":{"0":"post-147503","1":"product","2":"type-product","3":"status-publish","4":"has-post-thumbnail","6":"product_cat-eroii","7":"product_cat-jucarii","8":"product_cat-my-little-pony","9":"product_cat-personaje-figuri-si-seturi","10":"product_cat-roboti-si-figurine","11":"product_cat-seturi-tematice","12":"product_cat-toate-produsele","14":"first","15":"outofstock","16":"shipping-taxable","17":"purchasable","18":"product-type-simple"},"_links":{"self":[{"href":"http:\/\/toystoys.md\/ru\/wp-json\/wp\/v2\/product\/147503","targetHints":{"allow":["GET"]}}],"collection":[{"href":"http:\/\/toystoys.md\/ru\/wp-json\/wp\/v2\/product"}],"about":[{"href":"http:\/\/toystoys.md\/ru\/wp-json\/wp\/v2\/types\/product"}],"replies":[{"embeddable":true,"href":"http:\/\/toystoys.md\/ru\/wp-json\/wp\/v2\/comments?post=147503"}],"wp:featuredmedia":[{"embeddable":true,"href":"http:\/\/toystoys.md\/ru\/wp-json\/wp\/v2\/media\/176102"}],"wp:attachment":[{"href":"http:\/\/toystoys.md\/ru\/wp-json\/wp\/v2\/media?parent=147503"}],"wp:term":[{"taxonomy":"product_brand","embeddable":true,"href":"http:\/\/toystoys.md\/ru\/wp-json\/wp\/v2\/product_brand?post=147503"},{"taxonomy":"product_cat","embeddable":true,"href":"http:\/\/toystoys.md\/ru\/wp-json\/wp\/v2\/product_cat?post=147503"},{"taxonomy":"product_tag","embeddable":true,"href":"http:\/\/toystoys.md\/ru\/wp-json\/wp\/v2\/product_tag?post=147503"}],"curies":[{"name":"wp","href":"https:\/\/api.w.org\/{rel}","templated":true}]}}