{"id":147012,"date":"2023-01-24T10:58:53","date_gmt":"2023-01-24T10:58:53","guid":{"rendered":"https:\/\/toystoys.md\/shop\/prod_5400520052575_sc83576\/"},"modified":"2023-10-13T15:17:32","modified_gmt":"2023-10-13T13:17:32","slug":"prod_5400520052575_sc83576","status":"publish","type":"product","link":"http:\/\/toystoys.md\/ru\/shop\/prod_5400520052575_sc83576\/","title":{"rendered":"\u0414\u0435\u0442\u0441\u043a\u0438\u0439 \u0440\u044e\u043a\u0437\u0430\u043a Happy Samies \u0415\u043d\u043e\u0442 \u0420\u0435\u043c\u0438 S+"},"content":{"rendered":"<p>\u041f\u0438\u043d\u0433\u0432\u0438\u043d \u041f\u0438\u0442\u0435\u0440, \u0415\u043d\u043e\u0442 \u0420\u0435\u043c\u0438 \u0438 \u0438\u0445 \u0434\u0440\u0443\u0437\u044c\u044f \u043e\u0447\u0435\u043d\u044c \u0445\u043e\u0442\u044f\u0442 \u043f\u0440\u0438\u0441\u043e\u0435\u0434\u0438\u043d\u0438\u0442\u044c\u0441\u044f \u043a \u0441\u0435\u043c\u044c\u0435 Happy Sammies! \u042d\u0442\u0438 \u043c\u0438\u043b\u044b\u0435 \u0438 \u043e\u0447\u0430\u0440\u043e\u0432\u0430\u0442\u0435\u043b\u044c\u043d\u044b\u0435 \u043f\u0435\u0440\u0441\u043e\u043d\u0430\u0436\u0438-\u0436\u0438\u0432\u043e\u0442\u043d\u044b\u0435 \u044f\u0432\u043b\u044f\u044e\u0442\u0441\u044f \u0447\u0430\u0441\u0442\u044c\u044e \u043d\u0430\u0448\u0435\u0439 \u043d\u043e\u0432\u0435\u0439\u0448\u0435\u0439 \u043a\u043e\u043b\u043b\u0435\u043a\u0446\u0438\u0438 \u043c\u044f\u0433\u043a\u0438\u0445 \u0441\u0443\u043c\u043e\u043a Happy Sammies, \u0432\u043d\u0435\u0448\u043d\u044f\u044f \u0442\u043a\u0430\u043d\u044c \u043a\u043e\u0442\u043e\u0440\u044b\u0445 \u0438\u0437\u0433\u043e\u0442\u043e\u0432\u043b\u0435\u043d\u0430 \u200b\u200b\u0438\u0437 100% \u0442\u043a\u0430\u043d\u0438 RPET. \u041f\u0435\u0440\u0441\u043e\u043d\u0430\u0436\u0438 Happy Sammies Eco \u0441\u043e\u0441\u0442\u0430\u0432\u043b\u044f\u044e\u0442 \u043a\u043e\u043c\u043f\u0430\u043d\u0438\u044e \u0434\u0435\u0442\u044f\u043c \u0432 \u043f\u043e\u0435\u0437\u0434\u043a\u0430\u0445, \u0432 \u0448\u043a\u043e\u043b\u0435, \u043d\u0430 \u043f\u0440\u043e\u0433\u0443\u043b\u043a\u0430\u0445.<\/p>\n<p>\u0425\u0430\u0440\u0430\u043a\u0442\u0435\u0440\u0438\u0441\u0442\u0438\u043a\u0438:<br \/>\n\u041e\u0431\u044a\u0451\u043c: 11 \u043b.<br \/>\n\u041c\u0430\u0442\u0435\u0440\u0438\u0430\u043b: \u043f\u043e\u043b\u0438\u044d\u0441\u0442\u0435\u0440.<br \/>\n\u041a\u043e\u043b\u0438\u0447\u0435\u0441\u0442\u0432\u043e \u043e\u0442\u0434\u0435\u043b\u0435\u043d\u0438\u0439: 1.<br \/>\n\u041c\u0435\u0445\u0430\u043d\u0438\u0437\u043c \u0437\u0430\u043a\u0440\u044b\u0432\u0430\u043d\u0438\u044f: \u043c\u043e\u043b\u043d\u0438\u044f.<br \/>\nCurele de umar ergonomice.<br \/>\nEtichet\u0103 de identificare \u00eencorporat\u0103.<br \/>\nDimensiuni: 32 x 26 x 15 cm.<br \/>\nGreutate 200 gr.<br \/>\nProducator: Samsonite.<\/p>","protected":false},"excerpt":{"rendered":"<p>Penguin Peter, Raton Remy \u0219i prietenii lor sunt dornici s\u0103 se al\u0103ture familiei Happy Sammies! Aceste personaje dr\u0103gu\u021be \u0219i adorabile<\/p>","protected":false},"featured_media":162374,"comment_status":"closed","ping_status":"closed","template":"..\/public\/views\/revslider-page-template.php","meta":{"_monsterinsights_skip_tracking":false,"_monsterinsights_sitenote_active":false,"_monsterinsights_sitenote_note":"","_monsterinsights_sitenote_category":0},"product_brand":[],"product_cat":[55,1141,174,1099],"product_tag":[],"class_list":{"0":"post-147012","1":"product","2":"type-product","3":"status-publish","4":"has-post-thumbnail","6":"product_cat-toate-produsele","7":"product_cat-produse-pentru-bebelusi","8":"product_cat-calatorii-si-accesorii","9":"product_cat-rucsacuri","11":"first","12":"outofstock","13":"shipping-taxable","14":"purchasable","15":"product-type-simple"},"_links":{"self":[{"href":"http:\/\/toystoys.md\/ru\/wp-json\/wp\/v2\/product\/147012","targetHints":{"allow":["GET"]}}],"collection":[{"href":"http:\/\/toystoys.md\/ru\/wp-json\/wp\/v2\/product"}],"about":[{"href":"http:\/\/toystoys.md\/ru\/wp-json\/wp\/v2\/types\/product"}],"replies":[{"embeddable":true,"href":"http:\/\/toystoys.md\/ru\/wp-json\/wp\/v2\/comments?post=147012"}],"wp:featuredmedia":[{"embeddable":true,"href":"http:\/\/toystoys.md\/ru\/wp-json\/wp\/v2\/media\/162374"}],"wp:attachment":[{"href":"http:\/\/toystoys.md\/ru\/wp-json\/wp\/v2\/media?parent=147012"}],"wp:term":[{"taxonomy":"product_brand","embeddable":true,"href":"http:\/\/toystoys.md\/ru\/wp-json\/wp\/v2\/product_brand?post=147012"},{"taxonomy":"product_cat","embeddable":true,"href":"http:\/\/toystoys.md\/ru\/wp-json\/wp\/v2\/product_cat?post=147012"},{"taxonomy":"product_tag","embeddable":true,"href":"http:\/\/toystoys.md\/ru\/wp-json\/wp\/v2\/product_tag?post=147012"}],"curies":[{"name":"wp","href":"https:\/\/api.w.org\/{rel}","templated":true}]}}