{"id":141331,"date":"2022-10-07T12:39:25","date_gmt":"2022-10-07T12:39:25","guid":{"rendered":""},"modified":"2025-09-23T16:11:12","modified_gmt":"2025-09-23T14:11:12","slug":"figurina-spiderman-15-cm-in-asort-hasbro","status":"publish","type":"product","link":"http:\/\/toystoys.md\/ru\/shop\/figurina-spiderman-15-cm-in-asort-hasbro\/","title":{"rendered":"\u0424\u0438\u0433\u0443\u0440\u043a\u0430 Spiderman 15 \u0441\u043c \u0432 \u0430\u0441\u0441\u043e\u0440\u0442\u0438\u043c\u0435\u043d\u0442\u0435 HASBRO"},"content":{"rendered":"<p>\u042d\u0442\u0430 \u0434\u0435\u0442\u0430\u043b\u0438\u0437\u0438\u0440\u043e\u0432\u0430\u043d\u043d\u0430\u044f \u0444\u0438\u0433\u0443\u0440\u043a\u0430 \u0427\u0435\u043b\u043e\u0432\u0435\u043a\u0430-\u043f\u0430\u0443\u043a\u0430 \u043e\u0442 Hasbro \u043e\u0436\u0438\u0432\u043b\u044f\u0435\u0442 \u0434\u0435\u0439\u0441\u0442\u0432\u0438\u0435 \u0438 \u043f\u0440\u0438\u043a\u043b\u044e\u0447\u0435\u043d\u0438\u044f \u0441\u0443\u043f\u0435\u0440\u0433\u0435\u0440\u043e\u044f \u0432 \u043a\u043e\u043c\u043f\u0430\u043a\u0442\u043d\u043e\u043c \u0444\u043e\u0440\u043c\u0430\u0442\u0435 15 \u0441\u043c. \u0418\u0437\u0433\u043e\u0442\u043e\u0432\u043b\u0435\u043d\u043d\u0430\u044f \u0438\u0437 \u043a\u0430\u0447\u0435\u0441\u0442\u0432\u0435\u043d\u043d\u043e\u0433\u043e \u043f\u043b\u0430\u0441\u0442\u0438\u043a\u0430, \u044d\u0442\u0430 \u0444\u0438\u0433\u0443\u0440\u043a\u0430 \u0430\u0443\u0442\u0435\u043d\u0442\u0438\u0447\u043d\u043e \u043f\u0435\u0440\u0435\u0434\u0430\u0435\u0442 \u0438\u043a\u043e\u043d\u0438\u0447\u0435\u0441\u043a\u0438\u0439 \u043e\u0431\u043b\u0438\u043a \u043f\u0435\u0440\u0441\u043e\u043d\u0430\u0436\u0430.<\/p>\n<p>\u0421 \u0432\u044b\u0441\u043e\u0442\u043e\u0439 15 \u0441\u043c \u044d\u0442\u0430 \u0444\u0438\u0433\u0443\u0440\u043a\u0430 \u0438\u0434\u0435\u0430\u043b\u044c\u043d\u0430 \u0434\u043b\u044f \u0443\u0432\u043b\u0435\u043a\u0430\u0442\u0435\u043b\u044c\u043d\u044b\u0445 \u0438\u0433\u0440 \u0438 \u043a\u043e\u043b\u043b\u0435\u043a\u0446\u0438\u043e\u043d\u0438\u0440\u043e\u0432\u0430\u043d\u0438\u044f. \u0422\u0449\u0430\u0442\u0435\u043b\u044c\u043d\u043e \u043f\u0440\u043e\u0440\u0430\u0431\u043e\u0442\u0430\u043d\u043d\u044b\u0435 \u0434\u0435\u0442\u0430\u043b\u0438, \u043d\u0430\u0447\u0438\u043d\u0430\u044f \u043e\u0442 \u0445\u0430\u0440\u0430\u043a\u0442\u0435\u0440\u043d\u043e\u0433\u043e \u043a\u043e\u0441\u0442\u044e\u043c\u0430 \u0434\u043e \u0432\u044b\u0440\u0430\u0436\u0435\u043d\u0438\u044f \u043b\u0438\u0446\u0430, \u0434\u0435\u043b\u0430\u044e\u0442 \u044d\u0442\u0443 \u0444\u0438\u0433\u0443\u0440\u043a\u0443 \u0432\u0435\u0440\u043d\u043e\u0439 \u0440\u0435\u043f\u0440\u0435\u0437\u0435\u043d\u0442\u0430\u0446\u0438\u0435\u0439 \u0427\u0435\u043b\u043e\u0432\u0435\u043a\u0430-\u043f\u0430\u0443\u043a\u0430 \u0438\u0437 \u043a\u043e\u043c\u0438\u043a\u0441\u043e\u0432 \u0438 \u0444\u0438\u043b\u044c\u043c\u043e\u0432.<\/p>\n<p>\u0424\u0438\u0433\u0443\u0440\u043a\u0430 \u0440\u0430\u0437\u0440\u0430\u0431\u043e\u0442\u0430\u043d\u0430, \u0447\u0442\u043e\u0431\u044b \u043e\u0431\u0435\u0441\u043f\u0435\u0447\u0438\u0442\u044c \u0430\u0443\u0442\u0435\u043d\u0442\u0438\u0447\u043d\u044b\u0439 \u0438\u0433\u0440\u043e\u0432\u043e\u0439 \u043e\u043f\u044b\u0442 \u0438 \u0433\u0438\u0431\u043a\u043e\u0441\u0442\u044c \u0432 \u043f\u043e\u0437\u0438\u0446\u0438\u043e\u043d\u0438\u0440\u043e\u0432\u0430\u043d\u0438\u0438, \u043f\u043e\u0437\u0432\u043e\u043b\u044f\u044f \u0434\u0435\u0442\u044f\u043c \u0441\u043e\u0437\u0434\u0430\u0432\u0430\u0442\u044c \u0441\u0432\u043e\u0438 \u0441\u043e\u0431\u0441\u0442\u0432\u0435\u043d\u043d\u044b\u0435 \u0441\u0446\u0435\u043d\u044b \u0434\u0435\u0439\u0441\u0442\u0432\u0438\u044f \u0438 \u0438\u0441\u043f\u043e\u043b\u044c\u0437\u043e\u0432\u0430\u0442\u044c \u0432\u043e\u043e\u0431\u0440\u0430\u0436\u0435\u043d\u0438\u0435 \u0432 \u0438\u0441\u0441\u043b\u0435\u0434\u043e\u0432\u0430\u043d\u0438\u0438 \u043c\u0438\u0440\u0430 \u0441\u0443\u043f\u0435\u0440\u0433\u0435\u0440\u043e\u0435\u0432.<\/p>","protected":false},"excerpt":{"rendered":"<p>Aceast\u0103 figurin\u0103 detaliat\u0103 a lui Spider-Man, oferit\u0103 de Hasbro, aduce la via\u021b\u0103 ac\u021biunea \u0219i aventurile supereroice \u00eentr-un format compact de<\/p>","protected":false},"featured_media":175943,"comment_status":"closed","ping_status":"closed","template":"..\/public\/views\/revslider-page-template.php","meta":{"_monsterinsights_skip_tracking":false,"_monsterinsights_sitenote_active":false,"_monsterinsights_sitenote_note":"","_monsterinsights_sitenote_category":0},"product_brand":[],"product_cat":[1615,55,1137,35,1039,1088],"product_tag":[],"class_list":{"0":"post-141331","1":"product","2":"type-product","3":"status-publish","4":"has-post-thumbnail","6":"product_cat-personaje-figuri-si-seturi","7":"product_cat-toate-produsele","8":"product_cat-jucarii","9":"product_cat-roboti-si-figurine","10":"product_cat-eroii","11":"product_cat-eroii-marvel-dc","13":"first","14":"outofstock","15":"shipping-taxable","16":"purchasable","17":"product-type-simple"},"_links":{"self":[{"href":"http:\/\/toystoys.md\/ru\/wp-json\/wp\/v2\/product\/141331","targetHints":{"allow":["GET"]}}],"collection":[{"href":"http:\/\/toystoys.md\/ru\/wp-json\/wp\/v2\/product"}],"about":[{"href":"http:\/\/toystoys.md\/ru\/wp-json\/wp\/v2\/types\/product"}],"replies":[{"embeddable":true,"href":"http:\/\/toystoys.md\/ru\/wp-json\/wp\/v2\/comments?post=141331"}],"wp:featuredmedia":[{"embeddable":true,"href":"http:\/\/toystoys.md\/ru\/wp-json\/wp\/v2\/media\/175943"}],"wp:attachment":[{"href":"http:\/\/toystoys.md\/ru\/wp-json\/wp\/v2\/media?parent=141331"}],"wp:term":[{"taxonomy":"product_brand","embeddable":true,"href":"http:\/\/toystoys.md\/ru\/wp-json\/wp\/v2\/product_brand?post=141331"},{"taxonomy":"product_cat","embeddable":true,"href":"http:\/\/toystoys.md\/ru\/wp-json\/wp\/v2\/product_cat?post=141331"},{"taxonomy":"product_tag","embeddable":true,"href":"http:\/\/toystoys.md\/ru\/wp-json\/wp\/v2\/product_tag?post=141331"}],"curies":[{"name":"wp","href":"https:\/\/api.w.org\/{rel}","templated":true}]}}