{"id":136925,"date":"2022-07-15T12:05:45","date_gmt":"2022-07-15T12:05:45","guid":{"rendered":"https:\/\/toystoys.md\/?post_type=product&#038;p=136925"},"modified":"2023-10-09T15:56:56","modified_gmt":"2023-10-09T13:56:56","slug":"vopsea-acril-36-culori-grafix","status":"publish","type":"product","link":"http:\/\/toystoys.md\/ru\/shop\/vopsea-acril-36-culori-grafix\/","title":{"rendered":"\u041a\u0440\u0430\u0441\u043a\u0430 \u0430\u043a\u0440\u0438\u043b\u043e\u0432\u0430\u044f 36 \u0446\u0432\u0435\u0442\u043e\u0432 GRAFIX"},"content":{"rendered":"<p>\u041d\u0430\u0431\u043e\u0440 \u0430\u043a\u0440\u0438\u043b\u043e\u0432\u044b\u0445 \u043a\u0440\u0430\u0441\u043e\u043a Nassau Fine Art \u0432 \u0431\u043e\u043b\u044c\u0448\u043e\u0439 \u0443\u043f\u0430\u043a\u043e\u0432\u043a\u0435, \u043f\u043e\u0434\u0445\u043e\u0434\u0438\u0442 \u043a\u0430\u043a \u0434\u043b\u044f \u043d\u0430\u0447\u0438\u043d\u0430\u044e\u0449\u0438\u0445, \u0442\u0430\u043a \u0438 \u0434\u043b\u044f \u0431\u043e\u043b\u0435\u0435 \u043e\u043f\u044b\u0442\u043d\u044b\u0445 \u0445\u0443\u0434\u043e\u0436\u043d\u0438\u043a\u043e\u0432.<\/p>\n<p><strong>\u041a\u043e\u0440\u043e\u0431\u043e\u0447\u043a\u0430 \u0441\u043e\u0434\u0435\u0440\u0436\u0438\u0442:<\/strong><br \/>\n- 36 \u0430\u043a\u0440\u0438\u043b\u043e\u0432\u044b\u0445 \u043a\u0440\u0430\u0441\u043e\u043a \u043f\u043e 20 \u043c\u043b<br \/>\n- \u043d\u0430 \u043e\u0441\u043d\u043e\u0432\u0435 100% \u0430\u043a\u0440\u0438\u043b\u043e\u0432\u043e\u0439 \u0441\u043c\u043e\u043b\u044b<br \/>\n- \u0438\u0441\u043f\u043e\u043b\u044c\u0437\u0443\u044e\u0442\u0441\u044f \u043d\u0430 \u0432\u0441\u0435\u0445 \u0442\u0438\u043f\u0430\u0445 \u043f\u043e\u0432\u0435\u0440\u0445\u043d\u043e\u0441\u0442\u0435\u0439<br \/>\n- \u0440\u0430\u0437\u043c\u0435\u0440\u044b \u0443\u043f\u0430\u043a\u043e\u0432\u043a\u0438: 21\u044514\u04457 \u0441\u043c<\/p>\n<p>&nbsp;<\/p>","protected":false},"excerpt":{"rendered":"<p>Set de culori acrilice Nassau Fine Art \u00eentr-un pachet mare, potrivit pentru \u00eencep\u0103tori, dar \u0219i pentru mai avansa\u021bi. Pachetul con\u021bine:<\/p>","protected":false},"featured_media":136926,"comment_status":"closed","ping_status":"closed","template":"..\/public\/views\/revslider-page-template.php","meta":{"_monsterinsights_skip_tracking":false,"_monsterinsights_sitenote_active":false,"_monsterinsights_sitenote_note":"","_monsterinsights_sitenote_category":0},"product_brand":[],"product_cat":[55,106,1047],"product_tag":[],"class_list":{"0":"post-136925","1":"product","2":"type-product","3":"status-publish","4":"has-post-thumbnail","6":"product_cat-toate-produsele","7":"product_cat-birotica-si-papetarie","8":"product_cat-papetarie-papetarie","10":"first","11":"instock","12":"shipping-taxable","13":"purchasable","14":"product-type-simple"},"_links":{"self":[{"href":"http:\/\/toystoys.md\/ru\/wp-json\/wp\/v2\/product\/136925","targetHints":{"allow":["GET"]}}],"collection":[{"href":"http:\/\/toystoys.md\/ru\/wp-json\/wp\/v2\/product"}],"about":[{"href":"http:\/\/toystoys.md\/ru\/wp-json\/wp\/v2\/types\/product"}],"replies":[{"embeddable":true,"href":"http:\/\/toystoys.md\/ru\/wp-json\/wp\/v2\/comments?post=136925"}],"wp:featuredmedia":[{"embeddable":true,"href":"http:\/\/toystoys.md\/ru\/wp-json\/wp\/v2\/media\/136926"}],"wp:attachment":[{"href":"http:\/\/toystoys.md\/ru\/wp-json\/wp\/v2\/media?parent=136925"}],"wp:term":[{"taxonomy":"product_brand","embeddable":true,"href":"http:\/\/toystoys.md\/ru\/wp-json\/wp\/v2\/product_brand?post=136925"},{"taxonomy":"product_cat","embeddable":true,"href":"http:\/\/toystoys.md\/ru\/wp-json\/wp\/v2\/product_cat?post=136925"},{"taxonomy":"product_tag","embeddable":true,"href":"http:\/\/toystoys.md\/ru\/wp-json\/wp\/v2\/product_tag?post=136925"}],"curies":[{"name":"wp","href":"https:\/\/api.w.org\/{rel}","templated":true}]}}