{"id":133139,"date":"2022-05-12T14:55:41","date_gmt":"2022-05-12T14:55:41","guid":{"rendered":"https:\/\/toystoys.md\/?post_type=product&#038;p=133139"},"modified":"2024-12-19T12:48:44","modified_gmt":"2024-12-19T10:48:44","slug":"jucarie-baie-nava-marina-pirati-tomy","status":"publish","type":"product","link":"http:\/\/toystoys.md\/ru\/shop\/jucarie-baie-nava-marina-pirati-tomy\/","title":{"rendered":"\u0418\u0433\u0440\u0443\u0448\u043a\u0430 \u0434\u043b\u044f \u0432\u0430\u043d\u043d\u043e\u0439 \u041f\u0438\u0440\u0430\u0442\u0441\u043a\u0438\u0439 \u043a\u043e\u0440\u0430\u0431\u043b\u044c TOMY"},"content":{"rendered":"<p>\u0418\u0433\u0440\u0443\u0448\u043a\u0430 \u0434\u043b\u044f \u0432\u0430\u043d\u043d\u043e\u0439 TOMY (\u0422\u043e\u043c\u0438) \u041f\u0438\u0440\u0430\u0442\u0441\u043a\u0438\u0439 \u043a\u043e\u0440\u0430\u0431\u043b\u044c \u2014 \u0437\u0430\u043c\u0435\u0447\u0430\u0442\u0435\u043b\u044c\u043d\u0430\u044f \u0438\u0433\u0440\u0443\u0448\u043a\u0430 \u0434\u043b\u044f \u0440\u0430\u0437\u0432\u043b\u0435\u0447\u0435\u043d\u0438\u044f \u043c\u0430\u043b\u044b\u0448\u0430 \u0432\u043e \u0432\u0440\u0435\u043c\u044f \u043a\u0443\u043f\u0430\u043d\u0438\u044f.\n\n\u0412\u0430\u0448 \u043c\u0430\u043b\u044b\u0448 \u0431\u0443\u0434\u0435\u0442 \u0432 \u0432\u043e\u0441\u0442\u043e\u0440\u0433\u0435 \u043e\u0442 \u0432\u0435\u043b\u0438\u043a\u043e\u043b\u0435\u043f\u043d\u043e\u0433\u043e \u043f\u0438\u0440\u0430\u0442\u0441\u043a\u043e\u0433\u043e \u043a\u043e\u0440\u0430\u0431\u043b\u044f. \u041d\u0430 \u0448\u0443\u043c\u043d\u043e\u043c \u0441\u0443\u0434\u043d\u0435 \u0436\u0438\u0432\u0435\u0442 \u043d\u0430\u0441\u0442\u043e\u044f\u0449\u0438\u0439 \u043f\u0438\u0440\u0430\u0442, \u043a\u043e\u0442\u043e\u0440\u044b\u0439 \u043c\u043e\u0436\u0435\u0442 \u043d\u0430\u0431\u043b\u044e\u0434\u0430\u0442\u044c \u0437\u0430 \u043f\u0440\u043e\u0438\u0441\u0445\u043e\u0434\u044f\u0449\u0438\u043c\u0438 \u0431\u0430\u0442\u0430\u043b\u0438\u044f\u043c\u0438 \u0438\u0437 \u0441\u043f\u0435\u0446\u0438\u0430\u043b\u044c\u043d\u043e\u0433\u043e \u043c\u0435\u0441\u0442\u0430 \u043d\u0430 \u043f\u0430\u043b\u0443\u0431\u0435 \u0438\u043b\u0438 \u0431\u043e\u0440\u043e\u0437\u0434\u0438\u0442\u044c \u0431\u0435\u0441\u043a\u0440\u0430\u0439\u043d\u0438\u0435 \u0432\u043e\u0434\u043d\u044b\u0435 \u043f\u0443\u0447\u0438\u043d\u044b \u043d\u0430 \u043d\u0435\u0431\u043e\u043b\u044c\u0448\u043e\u0439 \u043b\u043e\u0434\u043a\u0435. \u041b\u043e\u0434\u043a\u0430 \u0441\u043f\u0443\u0441\u043a\u0430\u0435\u0442\u0441\u044f \u0441 \u0431\u043e\u0440\u0442\u0430 \u0431\u043e\u043b\u044c\u0448\u043e\u0433\u043e \u0441\u0443\u0434\u043d\u0430 \u043f\u0440\u0438 \u043f\u043e\u043c\u043e\u0449\u0438 \u0441\u043f\u0435\u0446\u0438\u0430\u043b\u044c\u043d\u043e\u0433\u043e \u0440\u044b\u0447\u0430\u0436\u043a\u0430, \u0447\u0442\u043e \u043d\u0430\u0432\u0435\u0440\u043d\u044f\u043a\u0430 \u043f\u0440\u0438\u0432\u0435\u0434\u0435\u0442 \u0440\u0435\u0431\u0435\u043d\u043a\u0430 \u0432 \u043f\u043e\u043b\u043d\u044b\u0439 \u0432\u043e\u0441\u0442\u043e\u0440\u0433. \u0412\u0435\u0440\u043d\u044b\u043c \u043f\u043e\u043c\u043e\u0449\u043d\u0438\u043a\u043e\u043c \u043a\u0430\u043f\u0438\u0442\u0430\u043d\u0430 \u043f\u0438\u0440\u0430\u0442\u0441\u043a\u043e\u0433\u043e \u0441\u0443\u0434\u043d\u0430 \u0432\u044b\u0441\u0442\u0443\u043f\u0430\u0435\u0442 \u043c\u0438\u043b\u044b\u0439 \u043e\u0441\u044c\u043c\u0438\u043d\u043e\u0433 \u0441 \u043d\u043e\u0441\u0438\u043a\u043e\u043c-\u043b\u0435\u0439\u043a\u043e\u0439, \u043f\u0440\u0438 \u043d\u0430\u0436\u0430\u0442\u0438\u0438 \u043d\u0430 \u043a\u043e\u0442\u043e\u0440\u044b\u0439 \u043b\u044c\u0435\u0442\u0441\u044f \u043d\u0435\u0431\u043e\u043b\u044c\u0448\u0430\u044f \u0441\u0442\u0440\u0443\u0439\u043a\u0430 \u0432\u043e\u0434\u044b. \u041f\u043e\u043c\u0438\u043c\u043e \u0442\u043e\u0433\u043e, \u0443\u0434\u0438\u0432\u0438\u0442\u0435\u043b\u044c\u043d\u044b\u0439 \u043a\u043e\u0440\u0430\u0431\u043b\u044c \u043e\u0441\u043d\u0430\u0449\u0435\u043d \u043f\u0443\u0448\u043a\u043e\u0439, \u0441\u0442\u0440\u0435\u043b\u044f\u044e\u0449\u0435\u0439 \u0432\u043e\u0434\u043e\u0439, \u0438 \u0431\u043e\u043b\u044c\u0448\u0438\u043c \u043a\u043e\u043b\u0435\u0441\u043e\u043c, \u0440\u0430\u0437\u0431\u0440\u044b\u0437\u0433\u0438\u0432\u0430\u044e\u0449\u0435\u043c \u043c\u0435\u043b\u043a\u0438\u0435 \u043a\u0430\u043f\u0435\u043b\u044c\u043a\u0438 \u0432 \u0440\u0430\u0437\u043d\u044b\u0435 \u0441\u0442\u043e\u0440\u043e\u043d\u044b.<\/p>\n<p>\u0420\u0430\u0437\u043c\u0435\u0440\u044b: 27 x 18 x 18 \u0441\u043c.<\/p>","protected":false},"excerpt":{"rendered":"<p>Nav\u0103 de pirat din material plastic, cu care copila\u0219ul poate juca at\u00e2t \u00een cad\u0103 de baie, c\u00e2t \u0219i \u00een piscin\u0103.<\/p>","protected":false},"featured_media":162458,"comment_status":"closed","ping_status":"closed","template":"..\/public\/views\/revslider-page-template.php","meta":{"_monsterinsights_skip_tracking":false,"_monsterinsights_sitenote_active":false,"_monsterinsights_sitenote_note":"","_monsterinsights_sitenote_category":0},"product_brand":[],"product_cat":[55,1137,36,40],"product_tag":[],"class_list":{"0":"post-133139","1":"product","2":"type-product","3":"status-publish","4":"has-post-thumbnail","6":"product_cat-toate-produsele","7":"product_cat-jucarii","8":"product_cat-jucarii-pentru-bebelusi","9":"product_cat-jucarii-in-camera-de-baie","11":"first","12":"instock","13":"shipping-taxable","14":"purchasable","15":"product-type-simple"},"_links":{"self":[{"href":"http:\/\/toystoys.md\/ru\/wp-json\/wp\/v2\/product\/133139","targetHints":{"allow":["GET"]}}],"collection":[{"href":"http:\/\/toystoys.md\/ru\/wp-json\/wp\/v2\/product"}],"about":[{"href":"http:\/\/toystoys.md\/ru\/wp-json\/wp\/v2\/types\/product"}],"replies":[{"embeddable":true,"href":"http:\/\/toystoys.md\/ru\/wp-json\/wp\/v2\/comments?post=133139"}],"wp:featuredmedia":[{"embeddable":true,"href":"http:\/\/toystoys.md\/ru\/wp-json\/wp\/v2\/media\/162458"}],"wp:attachment":[{"href":"http:\/\/toystoys.md\/ru\/wp-json\/wp\/v2\/media?parent=133139"}],"wp:term":[{"taxonomy":"product_brand","embeddable":true,"href":"http:\/\/toystoys.md\/ru\/wp-json\/wp\/v2\/product_brand?post=133139"},{"taxonomy":"product_cat","embeddable":true,"href":"http:\/\/toystoys.md\/ru\/wp-json\/wp\/v2\/product_cat?post=133139"},{"taxonomy":"product_tag","embeddable":true,"href":"http:\/\/toystoys.md\/ru\/wp-json\/wp\/v2\/product_tag?post=133139"}],"curies":[{"name":"wp","href":"https:\/\/api.w.org\/{rel}","templated":true}]}}